{"id":14,"date":"2026-02-25T17:15:31","date_gmt":"2026-02-25T16:15:31","guid":{"rendered":"https:\/\/schoenetexte.consee.de\/?page_id=14"},"modified":"2026-02-27T11:58:28","modified_gmt":"2026-02-27T10:58:28","slug":"schoene-texte","status":"publish","type":"page","link":"https:\/\/schoenetexte.consee.de\/","title":{"rendered":"Sch\u00f6ne Texte"},"content":{"rendered":"\n<h3 class=\"wp-block-heading\">erlesen und erschrieben von Marcel Cons\u00e9e<\/h3>\n\n\n\n<p>Herzlich willkommen!<\/p>\n\n\n\n<p>Ich bin freier Autor und habe seit 1999 als Journalist, Redakteur und Autor f\u00fcr unterschiedliche Medien gearbeitet, au\u00dferdem umfangreiche Erfahrungen im Marketing gesammelt. Details finden Sie auf meiner <a href=\"https:\/\/schoenetexte.consee.de\/index.php\/vorstellung\/\" data-type=\"page\" data-id=\"220\">Vorstellungsseite<\/a>. Beispiele meiner Arbeit finden Sie unter &#8222;<a href=\"https:\/\/schoenetexte.consee.de\/index.php\/schreiben\/geschriebenes\/\" data-type=\"page\" data-id=\"19\">Erschriebenes<\/a>&#8222;.<\/p>\n\n\n\n<p><\/p>\n","protected":false},"excerpt":{"rendered":"<p>erlesen und erschrieben von Marcel Cons\u00e9e Herzlich willkommen! Ich bin freier Autor und habe seit 1999 als Journalist, Redakteur und Autor f\u00fcr unterschiedliche Medien gearbeitet, au\u00dferdem umfangreiche Erfahrungen im Marketing gesammelt. Details finden Sie auf meiner Vorstellungsseite. Beispiele meiner Arbeit finden Sie unter &#8222;Erschriebenes&#8222;.<\/p>\n","protected":false},"author":1,"featured_media":7,"parent":0,"menu_order":0,"comment_status":"closed","ping_status":"closed","template":"","meta":{"footnotes":""},"class_list":["post-14","page","type-page","status-publish","has-post-thumbnail","hentry"],"_links":{"self":[{"href":"https:\/\/schoenetexte.consee.de\/index.php\/wp-json\/wp\/v2\/pages\/14","targetHints":{"allow":["GET"]}}],"collection":[{"href":"https:\/\/schoenetexte.consee.de\/index.php\/wp-json\/wp\/v2\/pages"}],"about":[{"href":"https:\/\/schoenetexte.consee.de\/index.php\/wp-json\/wp\/v2\/types\/page"}],"author":[{"embeddable":true,"href":"https:\/\/schoenetexte.consee.de\/index.php\/wp-json\/wp\/v2\/users\/1"}],"replies":[{"embeddable":true,"href":"https:\/\/schoenetexte.consee.de\/index.php\/wp-json\/wp\/v2\/comments?post=14"}],"version-history":[{"count":4,"href":"https:\/\/schoenetexte.consee.de\/index.php\/wp-json\/wp\/v2\/pages\/14\/revisions"}],"predecessor-version":[{"id":222,"href":"https:\/\/schoenetexte.consee.de\/index.php\/wp-json\/wp\/v2\/pages\/14\/revisions\/222"}],"wp:featuredmedia":[{"embeddable":true,"href":"https:\/\/schoenetexte.consee.de\/index.php\/wp-json\/wp\/v2\/media\/7"}],"wp:attachment":[{"href":"https:\/\/schoenetexte.consee.de\/index.php\/wp-json\/wp\/v2\/media?parent=14"}],"curies":[{"name":"wp","href":"https:\/\/api.w.org\/{rel}","templated":true}]}}