{"id":186,"date":"2026-02-26T16:48:21","date_gmt":"2026-02-26T15:48:21","guid":{"rendered":"https:\/\/schoenetexte.consee.de\/?page_id=186"},"modified":"2026-02-26T16:48:21","modified_gmt":"2026-02-26T15:48:21","slug":"impressum","status":"publish","type":"page","link":"https:\/\/schoenetexte.consee.de\/index.php\/impressum\/","title":{"rendered":"Impressum"},"content":{"rendered":"\n<div class=\"wp-block-group has-global-padding is-layout-constrained wp-block-group-is-layout-constrained\">\n<div class=\"wp-block-group has-global-padding is-layout-constrained wp-block-group-is-layout-constrained\">\n<p><em>Marcel Cons\u00e9e<\/em><\/p>\n\n\n\n<p><em>Sch\u00f6ne Texte Marcel Cons\u00e9e<\/em><\/p>\n\n\n\n<p><em>Rablstra\u00dfe 18<\/em><\/p>\n\n\n\n<p><em>81669 M\u00fcnchen<\/em><\/p>\n<\/div>\n<\/div>\n\n\n\n<h3 class=\"wp-block-heading\"><em>Kontakt<\/em><\/h3>\n\n\n\n<p><em>Telefon: 01702821169<\/em><\/p>\n\n\n\n<p><em>E-Mail: marcel@consee.de<\/em><\/p>\n\n\n\n<h3 class=\"wp-block-heading\"><em>Umsatzsteuer-ID<\/em><\/h3>\n\n\n\n<p><em>Umsatzsteuer-Identifikationsnummer gem\u00e4\u00df \u00a7 27 a Umsatzsteuergesetz:<\/em><\/p>\n\n\n\n<p><em>75948230914<\/em><\/p>\n\n\n\n<h3 class=\"wp-block-heading\"><em>Verbraucherstreitbeilegung\/Universalschlichtungsstelle<\/em><\/h3>\n\n\n\n<p><em>Wir sind nicht bereit oder verpflichtet, an Streitbeilegungsverfahren vor einer<\/em><\/p>\n\n\n\n<p><em>Verbraucherschlichtungsstelle teilzunehmen.<\/em><\/p>\n\n\n\n<p><\/p>\n","protected":false},"excerpt":{"rendered":"<p>Marcel Cons\u00e9e Sch\u00f6ne Texte Marcel Cons\u00e9e Rablstra\u00dfe 18 81669 M\u00fcnchen Kontakt Telefon: 01702821169 E-Mail: marcel@consee.de Umsatzsteuer-ID Umsatzsteuer-Identifikationsnummer gem\u00e4\u00df \u00a7 27 a Umsatzsteuergesetz: 75948230914 Verbraucherstreitbeilegung\/Universalschlichtungsstelle Wir sind nicht bereit oder verpflichtet, an Streitbeilegungsverfahren vor einer Verbraucherschlichtungsstelle teilzunehmen.<\/p>\n","protected":false},"author":1,"featured_media":0,"parent":0,"menu_order":0,"comment_status":"closed","ping_status":"closed","template":"","meta":{"footnotes":""},"class_list":["post-186","page","type-page","status-publish","hentry"],"_links":{"self":[{"href":"https:\/\/schoenetexte.consee.de\/index.php\/wp-json\/wp\/v2\/pages\/186","targetHints":{"allow":["GET"]}}],"collection":[{"href":"https:\/\/schoenetexte.consee.de\/index.php\/wp-json\/wp\/v2\/pages"}],"about":[{"href":"https:\/\/schoenetexte.consee.de\/index.php\/wp-json\/wp\/v2\/types\/page"}],"author":[{"embeddable":true,"href":"https:\/\/schoenetexte.consee.de\/index.php\/wp-json\/wp\/v2\/users\/1"}],"replies":[{"embeddable":true,"href":"https:\/\/schoenetexte.consee.de\/index.php\/wp-json\/wp\/v2\/comments?post=186"}],"version-history":[{"count":1,"href":"https:\/\/schoenetexte.consee.de\/index.php\/wp-json\/wp\/v2\/pages\/186\/revisions"}],"predecessor-version":[{"id":187,"href":"https:\/\/schoenetexte.consee.de\/index.php\/wp-json\/wp\/v2\/pages\/186\/revisions\/187"}],"wp:attachment":[{"href":"https:\/\/schoenetexte.consee.de\/index.php\/wp-json\/wp\/v2\/media?parent=186"}],"curies":[{"name":"wp","href":"https:\/\/api.w.org\/{rel}","templated":true}]}}