{"id":19,"date":"2026-02-17T13:46:51","date_gmt":"2026-02-17T12:46:51","guid":{"rendered":"https:\/\/schoenetexte.consee.de\/?page_id=19"},"modified":"2026-02-25T17:13:18","modified_gmt":"2026-02-25T16:13:18","slug":"geschriebenes","status":"publish","type":"page","link":"https:\/\/schoenetexte.consee.de\/index.php\/schreiben\/geschriebenes\/","title":{"rendered":"Erschriebenes"},"content":{"rendered":"\n<p>Eine kleine, nicht repr\u00e4sentative, Auswahl von kleinen und gro\u00dfen Ver\u00f6ffentlichungen seit Ende des letzten Jahrtausends auf Deutsch, Englisch und Franz\u00f6sisch. Verschiedene Themenbereiche stehen zur Wahl:<\/p>\n\n\n\n<figure class=\"wp-block-table\"><table class=\"has-fixed-layout\"><tbody><tr><td><a href=\"https:\/\/schoenetexte.consee.de\/index.php\/schreiben\/geschriebenes\/smarte-technik\/\" data-type=\"page\" data-id=\"82\">Smarte Technik<\/a><\/td><td><a href=\"https:\/\/schoenetexte.consee.de\/index.php\/schreiben\/geschriebenes\/wirtschaft\/\" data-type=\"page\" data-id=\"63\">Wirtschaft<\/a><\/td><td><a href=\"https:\/\/schoenetexte.consee.de\/index.php\/schreiben\/geschriebenes\/oekologisches\/\" data-type=\"page\" data-id=\"75\">\u00d6kologisches<\/a><\/td><\/tr><tr><td><a href=\"https:\/\/schoenetexte.consee.de\/index.php\/schreiben\/geschriebenes\/trisomisten-mehr\/\" data-type=\"page\" data-id=\"160\">Trisomisten &amp; mehr<\/a><\/td><td><a href=\"https:\/\/schoenetexte.consee.de\/index.php\/schreiben\/geschriebenes\/medizin\/\" data-type=\"page\" data-id=\"48\">Medizin<\/a><\/td><td><a href=\"https:\/\/schoenetexte.consee.de\/index.php\/schreiben\/geschriebenes\/elektronische-bauelemente\/\" data-type=\"page\" data-id=\"61\">Elektronische Bauelemente<\/a><\/td><\/tr><tr><td><a href=\"https:\/\/schoenetexte.consee.de\/index.php\/schreiben\/geschriebenes\/lichtoptik\/\" data-type=\"page\" data-id=\"54\">Licht&amp;Optik<\/a><\/td><td><a href=\"https:\/\/schoenetexte.consee.de\/index.php\/schreiben\/geschriebenes\/messentesten\/\" data-type=\"page\" data-id=\"57\">Messen&amp;Testen<\/a><\/td><td><a href=\"https:\/\/schoenetexte.consee.de\/index.php\/schreiben\/geschriebenes\/entwicklung\/\" data-type=\"page\" data-id=\"52\">Entwicklung<\/a><\/td><\/tr><tr><td><a href=\"https:\/\/schoenetexte.consee.de\/index.php\/schreiben\/geschriebenes\/e-mobilitaet\/\" data-type=\"page\" data-id=\"70\">Elektromobilit\u00e4t<\/a><\/td><td><a href=\"https:\/\/schoenetexte.consee.de\/index.php\/schreiben\/geschriebenes\/e-mobilitaet\/\" data-type=\"page\" data-id=\"70\">Elektromechanik<\/a><\/td><td><a href=\"https:\/\/schoenetexte.consee.de\/index.php\/schreiben\/geschriebenes\/fertigung\/\" data-type=\"page\" data-id=\"50\">Fertigung<\/a><\/td><\/tr><\/tbody><\/table><\/figure>\n\n\n","protected":false},"excerpt":{"rendered":"<p>Eine kleine, nicht repr\u00e4sentative, Auswahl von kleinen und gro\u00dfen Ver\u00f6ffentlichungen seit Ende des letzten Jahrtausends auf Deutsch, Englisch und Franz\u00f6sisch. Verschiedene Themenbereiche stehen zur Wahl: Smarte Technik Wirtschaft \u00d6kologisches Trisomisten &amp; mehr Medizin Elektronische Bauelemente Licht&amp;Optik Messen&amp;Testen Entwicklung Elektromobilit\u00e4t Elektromechanik Fertigung<\/p>\n","protected":false},"author":1,"featured_media":0,"parent":17,"menu_order":0,"comment_status":"closed","ping_status":"closed","template":"","meta":{"footnotes":""},"class_list":["post-19","page","type-page","status-publish","hentry"],"_links":{"self":[{"href":"https:\/\/schoenetexte.consee.de\/index.php\/wp-json\/wp\/v2\/pages\/19","targetHints":{"allow":["GET"]}}],"collection":[{"href":"https:\/\/schoenetexte.consee.de\/index.php\/wp-json\/wp\/v2\/pages"}],"about":[{"href":"https:\/\/schoenetexte.consee.de\/index.php\/wp-json\/wp\/v2\/types\/page"}],"author":[{"embeddable":true,"href":"https:\/\/schoenetexte.consee.de\/index.php\/wp-json\/wp\/v2\/users\/1"}],"replies":[{"embeddable":true,"href":"https:\/\/schoenetexte.consee.de\/index.php\/wp-json\/wp\/v2\/comments?post=19"}],"version-history":[{"count":30,"href":"https:\/\/schoenetexte.consee.de\/index.php\/wp-json\/wp\/v2\/pages\/19\/revisions"}],"predecessor-version":[{"id":163,"href":"https:\/\/schoenetexte.consee.de\/index.php\/wp-json\/wp\/v2\/pages\/19\/revisions\/163"}],"up":[{"embeddable":true,"href":"https:\/\/schoenetexte.consee.de\/index.php\/wp-json\/wp\/v2\/pages\/17"}],"wp:attachment":[{"href":"https:\/\/schoenetexte.consee.de\/index.php\/wp-json\/wp\/v2\/media?parent=19"}],"curies":[{"name":"wp","href":"https:\/\/api.w.org\/{rel}","templated":true}]}}