{"id":220,"date":"2026-02-27T11:57:48","date_gmt":"2026-02-27T10:57:48","guid":{"rendered":"https:\/\/schoenetexte.consee.de\/?page_id=220"},"modified":"2026-02-28T09:03:15","modified_gmt":"2026-02-28T08:03:15","slug":"vorstellung","status":"publish","type":"page","link":"https:\/\/schoenetexte.consee.de\/index.php\/vorstellung\/","title":{"rendered":"Vorstellung"},"content":{"rendered":"\n<p>Seit Ende 2025 bin ich als freier Autor t\u00e4tig.<\/p>\n\n\n\n<p>Von 2016 bis 2025 schrieb, beriet und ver\u00f6ffentlichte ich als Technical Content Specialist bei Mouser Electronics in mehreren Sprachen.<\/p>\n\n\n\n<p>Zwischen 1999 und 2015 arbeitete ich in verschiedenen, auch leitenden Rollen, beim WEKA Fachzeitschriften-Verlag (aka WEKA Fachmedien). Besonders auf die Neukonzeption der Zeitschrift Design&amp;Elektronik sowie die &#8222;Geburt&#8220; der Zeitschrift Medizin+Elektronik bin ich tats\u00e4chlich stolz. Dar\u00fcber hinaus war ich stets federf\u00fchrend bei der Nutzung des Internets als Medienplattform beteiligt.<\/p>\n\n\n\n<p>Von 1996 bis 1999 war ich Teil der Redaktion des Magazins FiT &#8211;  Forschungsf\u00f6rderung, Informationen, Technologietransfer an der Ludwig-Maximilians-Universit\u00e4t M\u00fcnchen.<\/p>\n\n\n\n<p><\/p>\n","protected":false},"excerpt":{"rendered":"<p>Seit Ende 2025 bin ich als freier Autor t\u00e4tig. Von 2016 bis 2025 schrieb, beriet und ver\u00f6ffentlichte ich als Technical Content Specialist bei Mouser Electronics in mehreren Sprachen. Zwischen 1999 und 2015 arbeitete ich in verschiedenen, auch leitenden Rollen, beim WEKA Fachzeitschriften-Verlag (aka WEKA Fachmedien). Besonders auf die Neukonzeption der Zeitschrift Design&amp;Elektronik sowie die &#8222;Geburt&#8220; [&hellip;]<\/p>\n","protected":false},"author":1,"featured_media":223,"parent":0,"menu_order":0,"comment_status":"closed","ping_status":"closed","template":"","meta":{"footnotes":""},"class_list":["post-220","page","type-page","status-publish","has-post-thumbnail","hentry"],"_links":{"self":[{"href":"https:\/\/schoenetexte.consee.de\/index.php\/wp-json\/wp\/v2\/pages\/220","targetHints":{"allow":["GET"]}}],"collection":[{"href":"https:\/\/schoenetexte.consee.de\/index.php\/wp-json\/wp\/v2\/pages"}],"about":[{"href":"https:\/\/schoenetexte.consee.de\/index.php\/wp-json\/wp\/v2\/types\/page"}],"author":[{"embeddable":true,"href":"https:\/\/schoenetexte.consee.de\/index.php\/wp-json\/wp\/v2\/users\/1"}],"replies":[{"embeddable":true,"href":"https:\/\/schoenetexte.consee.de\/index.php\/wp-json\/wp\/v2\/comments?post=220"}],"version-history":[{"count":4,"href":"https:\/\/schoenetexte.consee.de\/index.php\/wp-json\/wp\/v2\/pages\/220\/revisions"}],"predecessor-version":[{"id":228,"href":"https:\/\/schoenetexte.consee.de\/index.php\/wp-json\/wp\/v2\/pages\/220\/revisions\/228"}],"wp:featuredmedia":[{"embeddable":true,"href":"https:\/\/schoenetexte.consee.de\/index.php\/wp-json\/wp\/v2\/media\/223"}],"wp:attachment":[{"href":"https:\/\/schoenetexte.consee.de\/index.php\/wp-json\/wp\/v2\/media?parent=220"}],"curies":[{"name":"wp","href":"https:\/\/api.w.org\/{rel}","templated":true}]}}