{"id":48,"date":"2026-02-25T13:53:51","date_gmt":"2026-02-25T12:53:51","guid":{"rendered":"https:\/\/schoenetexte.consee.de\/?page_id=48"},"modified":"2026-02-25T16:14:35","modified_gmt":"2026-02-25T15:14:35","slug":"medizin","status":"publish","type":"page","link":"https:\/\/schoenetexte.consee.de\/index.php\/schreiben\/geschriebenes\/medizin\/","title":{"rendered":"Medizin"},"content":{"rendered":"\n<p><a href=\"https:\/\/www.mouser.de\/blog\/ruhe-bitte\">Ruhe bitte!<\/a><\/p>\n\n\n\n<p><a href=\"https:\/\/www.mouser.com\/blog\/remote-sensing-fosters-healthier-lives\">Remote sensing fosters healthier lives<\/a><\/p>\n\n\n\n<p><a href=\"https:\/\/www.mouser.fr\/blog\/silence-sil-vous-plait\">Silence, s&#8217;il vous pla\u00eet !<\/a><\/p>\n\n\n\n<p><a href=\"https:\/\/www.mouser.de\/blog\/elektronik-fuer-ein-intelligenteres-gesundheitswesen\">Elektronik f\u00fcr ein intelligenteres Gesundheitswesen<\/a><\/p>\n\n\n\n<p><a href=\"https:\/\/www.mouser.com\/blog\/quiet-please-noise-reduction-in-hospitals\">Quiet, Please!<\/a><\/p>\n\n\n\n<p><a href=\"https:\/\/www.mouser.fr\/blog\/des-soins-plus-intelligents-grace-a-electronique\">Des soins plus intelligents gr\u00e2ce \u00e0 l\u2019\u00e9lectronique<\/a><\/p>\n\n\n\n<p><a href=\"https:\/\/www.elektroniknet.de\/medizintechnik\/medtech-komponenten\/tomographen-stecker.80911.html\">Tomographen-Stecker<\/a><\/p>\n\n\n\n<p><a href=\"https:\/\/www.elektroniknet.de\/medizintechnik\/systeme-anwendungen\/entdeckungsreise-medizintechnik.90272.html\">Entdeckungsreise Medizintechnik<\/a><\/p>\n\n\n\n<p><a href=\"https:\/\/www.elektroniknet.de\/medizintechnik\/medtech-komponenten\/pruefstrategien.123215.html\">Pr\u00fcfstrategien<\/a><\/p>\n\n\n\n<p><a href=\"https:\/\/www.elektroniknet.de\/medizintechnik\/medtech-komponenten\/lungenschutz.114983.html\">Lungenschutz<\/a><\/p>\n\n\n\n<p><a href=\"https:\/\/www.elektroniknet.de\/medizintechnik\/e-health\/medikamenten-antrieb.92442.html\">Medikamenten-Antrieb<\/a><\/p>\n\n\n\n<p><a href=\"https:\/\/www.elektroniknet.de\/medizintechnik\/systeme-anwendungen\/flexible-rechner.130804.html\">Flexible Rechner<\/a><\/p>\n\n\n\n<p><a href=\"https:\/\/www.elektroniknet.de\/medizintechnik\/systeme-anwendungen\/gut-abgefuellt.131762.html\">Gut abgef\u00fcllt<\/a><\/p>\n\n\n\n<p><a href=\"https:\/\/www.elektroniknet.de\/medizintechnik\/systeme-anwendungen\/antibakterieller-ipc.126887.html\">Antibakterieller IPC<\/a><\/p>\n\n\n\n<p><a href=\"https:\/\/www.elektroniknet.de\/medizintechnik\/medtech-komponenten\/besser-hoeren-und-aussehen.126042.html\">Besser h\u00f6ren und aussehen<\/a><\/p>\n\n\n\n<p><a href=\"https:\/\/www.elektroniknet.de\/medizintechnik\/medtech-komponenten\/nachverdichtet.96606.html\">Nachverdichtet<\/a><\/p>\n\n\n\n<p><a href=\"https:\/\/www.elektroniknet.de\/medizintechnik\/medtech-komponenten\/von-herz-zu-herz.118852.html\">Von Herz zu Herz<\/a><\/p>\n\n\n\n<p><a href=\"https:\/\/www.elektroniknet.de\/medizintechnik\/medtech-komponenten\/flach-und-stark.80883.html\">Flach und Stark<\/a><\/p>\n\n\n\n<p><a href=\"https:\/\/www.elektroniknet.de\/medizintechnik\/medtech-komponenten\/fasergekoppelte-laser.96945.html\">Fasergekoppelte Laser<\/a><\/p>\n\n\n\n<p><a href=\"https:\/\/www.elektroniknet.de\/medizintechnik\/medtech-komponenten\/verstaerkte-fasern.118294.html\">Verst\u00e4rkte Fasern<\/a><\/p>\n\n\n\n<p><a href=\"https:\/\/www.elektroniknet.de\/medizintechnik\/medtech-komponenten\/augen-schuetzen-und-besser-sitzen.102523.html\">Augen sch\u00fctzen und besser sitzen<\/a><\/p>\n\n\n\n<p><a href=\"https:\/\/www.elektroniknet.de\/medizintechnik\/e-health\/kompetenz-fuers-herz.89749.html\">Kompetenz f\u00fcrs Herz<\/a><\/p>\n\n\n\n<p><a href=\"https:\/\/www.elektroniknet.de\/medizintechnik\/medtech-komponenten\/die-vermessung-des-herzens.104445.html\">Die Vermessung des Herzens<\/a><\/p>\n\n\n\n<p><a href=\"https:\/\/www.elektroniknet.de\/medizintechnik\/medtech-komponenten\/probanden-gesucht.126469.html\">Probanden gesucht<\/a><\/p>\n\n\n\n<p><\/p>\n","protected":false},"excerpt":{"rendered":"<p>Ruhe bitte! Remote sensing fosters healthier lives Silence, s&#8217;il vous pla\u00eet ! Elektronik f\u00fcr ein intelligenteres Gesundheitswesen Quiet, Please! Des soins plus intelligents gr\u00e2ce \u00e0 l\u2019\u00e9lectronique Tomographen-Stecker Entdeckungsreise Medizintechnik Pr\u00fcfstrategien Lungenschutz Medikamenten-Antrieb Flexible Rechner Gut abgef\u00fcllt Antibakterieller IPC Besser h\u00f6ren und aussehen Nachverdichtet Von Herz zu Herz Flach und Stark Fasergekoppelte Laser Verst\u00e4rkte Fasern Augen [&hellip;]<\/p>\n","protected":false},"author":1,"featured_media":0,"parent":19,"menu_order":0,"comment_status":"closed","ping_status":"closed","template":"","meta":{"footnotes":""},"class_list":["post-48","page","type-page","status-publish","hentry"],"_links":{"self":[{"href":"https:\/\/schoenetexte.consee.de\/index.php\/wp-json\/wp\/v2\/pages\/48","targetHints":{"allow":["GET"]}}],"collection":[{"href":"https:\/\/schoenetexte.consee.de\/index.php\/wp-json\/wp\/v2\/pages"}],"about":[{"href":"https:\/\/schoenetexte.consee.de\/index.php\/wp-json\/wp\/v2\/types\/page"}],"author":[{"embeddable":true,"href":"https:\/\/schoenetexte.consee.de\/index.php\/wp-json\/wp\/v2\/users\/1"}],"replies":[{"embeddable":true,"href":"https:\/\/schoenetexte.consee.de\/index.php\/wp-json\/wp\/v2\/comments?post=48"}],"version-history":[{"count":12,"href":"https:\/\/schoenetexte.consee.de\/index.php\/wp-json\/wp\/v2\/pages\/48\/revisions"}],"predecessor-version":[{"id":141,"href":"https:\/\/schoenetexte.consee.de\/index.php\/wp-json\/wp\/v2\/pages\/48\/revisions\/141"}],"up":[{"embeddable":true,"href":"https:\/\/schoenetexte.consee.de\/index.php\/wp-json\/wp\/v2\/pages\/19"}],"wp:attachment":[{"href":"https:\/\/schoenetexte.consee.de\/index.php\/wp-json\/wp\/v2\/media?parent=48"}],"curies":[{"name":"wp","href":"https:\/\/api.w.org\/{rel}","templated":true}]}}