{"id":70,"date":"2026-02-25T15:40:06","date_gmt":"2026-02-25T14:40:06","guid":{"rendered":"https:\/\/schoenetexte.consee.de\/?page_id=70"},"modified":"2026-02-25T16:51:00","modified_gmt":"2026-02-25T15:51:00","slug":"e-mobilitaet","status":"publish","type":"page","link":"https:\/\/schoenetexte.consee.de\/index.php\/schreiben\/geschriebenes\/e-mobilitaet\/","title":{"rendered":"E-Mobilit\u00e4t"},"content":{"rendered":"\n<p><a href=\"https:\/\/www.mouser.com\/blog\/sic-powers-electrification\">SiC powers electrification<\/a><\/p>\n\n\n\n<p><a href=\"https:\/\/www.mouser.fr\/blog\/sic-accelere-l-electrification\">Le carbure de silicium acc\u00e9l\u00e8re l\u2019\u00e9lectrification<\/a><\/p>\n\n\n\n<p><a href=\"https:\/\/www.mouser.de\/blog\/sic-bringt-die-elektrifizierung-voran\">SiC bringt die Elektrifizierung voran<\/a><\/p>\n\n\n\n<p><a href=\"https:\/\/www.mouser.fr\/blog\/fausses-conomies-ce-que-cela-cote-dconomiser-sur-llectronique-dans-lindustrie-ferroviaire\">Fausses \u00e9conomies : ce que cela co\u00fbte d\u2019\u00e9conomiser sur l\u2019\u00e9lectronique dans l\u2019industrie ferroviaire<\/a><\/p>\n\n\n\n<p><a href=\"https:\/\/www.mouser.fr\/blog\/ere-du-vehicule-defini-par-logiciel\">L\u2019\u00e8re du v\u00e9hicule d\u00e9fini par logiciel<\/a><\/p>\n\n\n\n<p><a href=\"https:\/\/www.mouser.de\/blog\/den-heissen-ofen-ganz-cool-laden\">Den hei\u00dfen Ofen ganz cool laden<\/a><\/p>\n\n\n\n<p><a href=\"https:\/\/www.mouser.fr\/blog\/recharger-a-chaud-sans-perdre-son-sang-froid\">Recharger \u00e0 chaud sans perdre son sang-froid<\/a><\/p>\n\n\n\n<p><a href=\"https:\/\/www.mouser.com\/blog\/faster-ev-charging-with-sic\">Faster EV charging with SiC<\/a><\/p>\n\n\n\n<p><a href=\"https:\/\/www.mouser.fr\/blog\/des-terminaisons-souples-pour-une-lectronique-automobile-fiable\">Des terminaisons souples pour une \u00e9lectronique automobile fiable<\/a><\/p>\n\n\n\n<p><a href=\"https:\/\/www.mouser.fr\/blog\/les-dfis-lis-la-recharge-rapide-des-vhicules-lectriques\">Les d\u00e9fis li\u00e9s \u00e0 la recharge rapide des v\u00e9hicules \u00e9lectriques<\/a><\/p>\n\n\n\n<p><a href=\"https:\/\/www.mouser.de\/blog\/herausforderungen-beim-schnellen-aufladen-von-elektrofahrzeugen\">Herausforderungen beim schnellen Aufladen von Elektrofahrzeugen<\/a><\/p>\n\n\n\n<p><a href=\"https:\/\/www.mouser.de\/blog\/knausern-bei-elektronik-fuer-bahnanwendungen-hat-seinen-preis\">Knausern bei Elektronik f\u00fcr Bahnanwendungen hat seinen Preis<\/a><\/p>\n\n\n\n<p><a href=\"https:\/\/www.mouser.de\/blog\/soft-termination-produkte-fuer-zuverlaessige-fahrzeugelektronik\">Soft-Termination-Produkte f\u00fcr zuverl\u00e4ssige Fahrzeugelektronik<\/a><\/p>\n\n\n\n<p><a href=\"https:\/\/www.mouser.de\/blog\/strom-auf-der-schiene\">Strom auf der Schiene<\/a><\/p>\n\n\n\n<p><a href=\"https:\/\/www.mouser.de\/blog\/schnelleres-laden-von-elektrofahrzeugen-mit-sic\">Schnelleres Laden von Elektrofahrzeugen mit SiC<\/a><\/p>\n\n\n\n<p><\/p>\n","protected":false},"excerpt":{"rendered":"<p>SiC powers electrification Le carbure de silicium acc\u00e9l\u00e8re l\u2019\u00e9lectrification SiC bringt die Elektrifizierung voran Fausses \u00e9conomies : ce que cela co\u00fbte d\u2019\u00e9conomiser sur l\u2019\u00e9lectronique dans l\u2019industrie ferroviaire L\u2019\u00e8re du v\u00e9hicule d\u00e9fini par logiciel Den hei\u00dfen Ofen ganz cool laden Recharger \u00e0 chaud sans perdre son sang-froid Faster EV charging with SiC Des terminaisons souples pour [&hellip;]<\/p>\n","protected":false},"author":1,"featured_media":0,"parent":19,"menu_order":0,"comment_status":"closed","ping_status":"closed","template":"","meta":{"footnotes":""},"class_list":["post-70","page","type-page","status-publish","hentry"],"_links":{"self":[{"href":"https:\/\/schoenetexte.consee.de\/index.php\/wp-json\/wp\/v2\/pages\/70","targetHints":{"allow":["GET"]}}],"collection":[{"href":"https:\/\/schoenetexte.consee.de\/index.php\/wp-json\/wp\/v2\/pages"}],"about":[{"href":"https:\/\/schoenetexte.consee.de\/index.php\/wp-json\/wp\/v2\/types\/page"}],"author":[{"embeddable":true,"href":"https:\/\/schoenetexte.consee.de\/index.php\/wp-json\/wp\/v2\/users\/1"}],"replies":[{"embeddable":true,"href":"https:\/\/schoenetexte.consee.de\/index.php\/wp-json\/wp\/v2\/comments?post=70"}],"version-history":[{"count":14,"href":"https:\/\/schoenetexte.consee.de\/index.php\/wp-json\/wp\/v2\/pages\/70\/revisions"}],"predecessor-version":[{"id":156,"href":"https:\/\/schoenetexte.consee.de\/index.php\/wp-json\/wp\/v2\/pages\/70\/revisions\/156"}],"up":[{"embeddable":true,"href":"https:\/\/schoenetexte.consee.de\/index.php\/wp-json\/wp\/v2\/pages\/19"}],"wp:attachment":[{"href":"https:\/\/schoenetexte.consee.de\/index.php\/wp-json\/wp\/v2\/media?parent=70"}],"curies":[{"name":"wp","href":"https:\/\/api.w.org\/{rel}","templated":true}]}}