{"id":78,"date":"2026-02-25T16:34:12","date_gmt":"2026-02-25T15:34:12","guid":{"rendered":"https:\/\/schoenetexte.consee.de\/?page_id=78"},"modified":"2026-02-25T16:52:40","modified_gmt":"2026-02-25T15:52:40","slug":"elektromechanik","status":"publish","type":"page","link":"https:\/\/schoenetexte.consee.de\/index.php\/schreiben\/geschriebenes\/elektromechanik\/","title":{"rendered":"Elektromechanik"},"content":{"rendered":"\n<p><a href=\"https:\/\/www.mouser.de\/blog\/steckverbinder-fuer-die-raumfahrt\">Steckverbinder f\u00fcr die Raumfahrt<\/a><\/p>\n\n\n\n<p><a href=\"https:\/\/www.mouser.de\/blog\/die-docsis-story\">Die Docsis-Story<\/a><\/p>\n\n\n\n<p><a href=\"https:\/\/www.mouser.fr\/blog\/connecteurs-dans-lespace\">Connecteurs dans l\u2019espace<\/a><\/p>\n\n\n\n<p><a href=\"https:\/\/www.mouser.fr\/blog\/histoire-de-docsis\">L\u2019histoire de DOCSIS \u2013 Quel avenir pour le c\u00e2ble haut d\u00e9bit?<\/a><\/p>\n\n\n\n<p><a href=\"https:\/\/www.mouser.de\/blog\/die-benutzerschnittstelle-der-industrie\">Die Benutzerschnittstelle der Industrie<\/a><\/p>\n\n\n\n<p><a href=\"https:\/\/www.mouser.de\/blog\/konnektivitaet-entscheidet\">Konnektivit\u00e4t entscheidet<\/a><\/p>\n\n\n\n<p><a href=\"https:\/\/www.mouser.fr\/blog\/linterface-utilisateur-la-plus-importante-de-lindustrie\">L\u2019interface utilisateur la plus importante de l\u2019industrie<\/a><\/p>\n\n\n\n<p><a href=\"https:\/\/www.mouser.de\/blog\/ethernet-im-wandel-der-zeit\">Ethernet im Wandel der Zeit<\/a><\/p>\n\n\n\n<p><a href=\"https:\/\/www.mouser.fr\/blog\/la-connectivit-a-compte\">La connectivit\u00e9, \u00e7a compte !<\/a><\/p>\n\n\n\n<p><\/p>\n","protected":false},"excerpt":{"rendered":"<p>Steckverbinder f\u00fcr die Raumfahrt Die Docsis-Story Connecteurs dans l\u2019espace L\u2019histoire de DOCSIS \u2013 Quel avenir pour le c\u00e2ble haut d\u00e9bit? Die Benutzerschnittstelle der Industrie Konnektivit\u00e4t entscheidet L\u2019interface utilisateur la plus importante de l\u2019industrie Ethernet im Wandel der Zeit La connectivit\u00e9, \u00e7a compte !<\/p>\n","protected":false},"author":1,"featured_media":0,"parent":19,"menu_order":0,"comment_status":"closed","ping_status":"closed","template":"","meta":{"footnotes":""},"class_list":["post-78","page","type-page","status-publish","hentry"],"_links":{"self":[{"href":"https:\/\/schoenetexte.consee.de\/index.php\/wp-json\/wp\/v2\/pages\/78","targetHints":{"allow":["GET"]}}],"collection":[{"href":"https:\/\/schoenetexte.consee.de\/index.php\/wp-json\/wp\/v2\/pages"}],"about":[{"href":"https:\/\/schoenetexte.consee.de\/index.php\/wp-json\/wp\/v2\/types\/page"}],"author":[{"embeddable":true,"href":"https:\/\/schoenetexte.consee.de\/index.php\/wp-json\/wp\/v2\/users\/1"}],"replies":[{"embeddable":true,"href":"https:\/\/schoenetexte.consee.de\/index.php\/wp-json\/wp\/v2\/comments?post=78"}],"version-history":[{"count":10,"href":"https:\/\/schoenetexte.consee.de\/index.php\/wp-json\/wp\/v2\/pages\/78\/revisions"}],"predecessor-version":[{"id":158,"href":"https:\/\/schoenetexte.consee.de\/index.php\/wp-json\/wp\/v2\/pages\/78\/revisions\/158"}],"up":[{"embeddable":true,"href":"https:\/\/schoenetexte.consee.de\/index.php\/wp-json\/wp\/v2\/pages\/19"}],"wp:attachment":[{"href":"https:\/\/schoenetexte.consee.de\/index.php\/wp-json\/wp\/v2\/media?parent=78"}],"curies":[{"name":"wp","href":"https:\/\/api.w.org\/{rel}","templated":true}]}}