{"id":82,"date":"2026-02-25T15:59:05","date_gmt":"2026-02-25T14:59:05","guid":{"rendered":"https:\/\/schoenetexte.consee.de\/?page_id=82"},"modified":"2026-02-25T16:40:17","modified_gmt":"2026-02-25T15:40:17","slug":"smarte-technik","status":"publish","type":"page","link":"https:\/\/schoenetexte.consee.de\/index.php\/schreiben\/geschriebenes\/smarte-technik\/","title":{"rendered":"Smarte Technik"},"content":{"rendered":"\n<p><a href=\"https:\/\/www.mouser.de\/blog\/power-fuer-die-smart-factory\">Power f\u00fcr die Smart Factory<\/a><\/p>\n\n\n\n<p><a href=\"https:\/\/www.mouser.fr\/blog\/les-soc-sans-fil-entre-lautomatisation-des-btiments-et-la-maison-intelligente\">Les SoC sans fil entre l\u2019automatisation des b\u00e2timents et la maison intelligente<\/a><\/p>\n\n\n\n<p><a href=\"https:\/\/www.mouser.de\/blog\/das-iiot-fuer-die-smart-factory\">Das IIoT f\u00fcr die Smart Factory<\/a><\/p>\n\n\n\n<p><a href=\"https:\/\/www.mouser.fr\/blog\/les-soc-sans-fil-pour-des-btiments-intelligents\">Les SoC sans fil pour des b\u00e2timents intelligents<\/a><\/p>\n\n\n\n<p><a href=\"https:\/\/www.mouser.com\/blog\/future-iiot-connectivity\">The future of IIoT connectivity<\/a><\/p>\n\n\n\n<p><a href=\"https:\/\/www.mouser.fr\/blog\/lalimentation-energie-des-usines-intelligentes\">L\u2019alimentation en \u00e9nergie des usines intelligentes<\/a><\/p>\n\n\n\n<p><a href=\"https:\/\/www.mouser.de\/blog\/wireless-socs-fuer-smarte-gebaeude\">Wireless-SoCs f\u00fcr smarte Geb\u00e4ude<\/a><\/p>\n\n\n\n<p><a href=\"https:\/\/www.mouser.de\/blog\/die-haeuser-der-zukunft\">Die H\u00e4user der Zukunft<\/a><\/p>\n\n\n\n<p><\/p>\n","protected":false},"excerpt":{"rendered":"<p>Power f\u00fcr die Smart Factory Les SoC sans fil entre l\u2019automatisation des b\u00e2timents et la maison intelligente Das IIoT f\u00fcr die Smart Factory Les SoC sans fil pour des b\u00e2timents intelligents The future of IIoT connectivity L\u2019alimentation en \u00e9nergie des usines intelligentes Wireless-SoCs f\u00fcr smarte Geb\u00e4ude Die H\u00e4user der Zukunft<\/p>\n","protected":false},"author":1,"featured_media":0,"parent":19,"menu_order":0,"comment_status":"closed","ping_status":"closed","template":"","meta":{"footnotes":""},"class_list":["post-82","page","type-page","status-publish","hentry"],"_links":{"self":[{"href":"https:\/\/schoenetexte.consee.de\/index.php\/wp-json\/wp\/v2\/pages\/82","targetHints":{"allow":["GET"]}}],"collection":[{"href":"https:\/\/schoenetexte.consee.de\/index.php\/wp-json\/wp\/v2\/pages"}],"about":[{"href":"https:\/\/schoenetexte.consee.de\/index.php\/wp-json\/wp\/v2\/types\/page"}],"author":[{"embeddable":true,"href":"https:\/\/schoenetexte.consee.de\/index.php\/wp-json\/wp\/v2\/users\/1"}],"replies":[{"embeddable":true,"href":"https:\/\/schoenetexte.consee.de\/index.php\/wp-json\/wp\/v2\/comments?post=82"}],"version-history":[{"count":7,"href":"https:\/\/schoenetexte.consee.de\/index.php\/wp-json\/wp\/v2\/pages\/82\/revisions"}],"predecessor-version":[{"id":150,"href":"https:\/\/schoenetexte.consee.de\/index.php\/wp-json\/wp\/v2\/pages\/82\/revisions\/150"}],"up":[{"embeddable":true,"href":"https:\/\/schoenetexte.consee.de\/index.php\/wp-json\/wp\/v2\/pages\/19"}],"wp:attachment":[{"href":"https:\/\/schoenetexte.consee.de\/index.php\/wp-json\/wp\/v2\/media?parent=82"}],"curies":[{"name":"wp","href":"https:\/\/api.w.org\/{rel}","templated":true}]}}